{"id":148,"date":"2022-06-23T13:12:22","date_gmt":"2022-06-23T11:12:22","guid":{"rendered":"http:\/\/uelibraubar.ch.paragon.sui-inter.net\/imprint\/"},"modified":"2022-06-24T11:19:20","modified_gmt":"2022-06-24T09:19:20","slug":"imprint","status":"publish","type":"page","link":"https:\/\/www.uelibraubar.ch\/en\/imprint\/","title":{"rendered":"Imprint"},"content":{"rendered":"\n<h2 class=\"wp-block-heading\">Inhaber der Webseite<\/h2>\n\n<p>Brauerei Fischerstube AG<br\/>Rheingasse 45<br\/>CH-4058 Basel<\/p>\n\n<p>Tel +41 61 692 94 95<br\/>Fax +41 61 692 94 92<\/p>\n\n<p><a href=\"mailto:info@uelibier.ch\">info@uelibier.ch<\/a><br\/><a href=\"http:\/\/www.uelibier.ch\/\" target=\"_blank\" rel=\"noopener\">http:\/\/www.uelibier.ch<\/a><\/p>\n\n<p>Das Urheberrecht und Copyright der auf dieser Website zur Vorschau bereitgestellten Vorlagen liegt bei den jeweiligen Autoren.<\/p>\n\n<p><strong>Jede Vervielf\u00e4ltigung, Ver\u00e4nderung oder jeder sonstige Gebrauch der Texte und Arbeitsproben (insbesonders deren Verbreitung im Internet) ist ohne schriftliche Genehmigung von Brauerei Fischerstube AG ausdr\u00fccklich untersagt<\/strong>. Bez\u00fcglich jeglicher geistigen Eigentumsrechte wird keiner Person eine Lizenz oder ein sonstiges Recht einger\u00e4umt.<\/p>\n\n<div style=\"height:5em\" aria-hidden=\"true\" class=\"wp-block-spacer\"><\/div>\n\n<h2 class=\"wp-block-heading\">Haftungsausschlu\u00df<\/h2>\n\n<p>Links auf fremde Seiten stellen nur Wegweiser zu diesen Seiten dar. Der Herausgeber identifiziert sich nicht mit dem Inhalt der Seiten, auf die gelinkt wird und \u00fcbernimmt daf\u00fcr keine Haftung. Sollte eine der Seiten, auf die gelinkt wird, bedenkliche und rechtswidrige Inhalte aufweisen, wird um Mitteilung ersucht. In einem solchen Fall wird der Link sofort gel\u00f6scht.<\/p>\n\n<p>Trotz grosser Sorgfalt im Umgang mit dieser Website \u00fcbernimmt Brauerei Fischerstube AG keine Gew\u00e4hr f\u00fcr die Aktualit\u00e4t, Korrektheit und Vollst\u00e4ndigkeit der bereitgestellten Informationen.<\/p>\n\n<div style=\"height:5em\" aria-hidden=\"true\" class=\"wp-block-spacer\"><\/div>\n\n<h2 class=\"wp-block-heading\">Beschwerdeverfahren<br\/>Alternative Streitbeilegung gem\u00e4\u00df Art. 14 Abs. 1 ODR-VO und \u00a7 36 VSBG:<\/h2>\n\n<p>Die Europ\u00e4ische Kommission stellt eine Plattform zur Online-Streitbeilegung (OS) bereit, die du unter <a href=\"https:\/\/ec.europa.eu\/consumers\/odr\" target=\"_blank\" rel=\"noreferrer noopener\">https:\/\/ec.europa.eu\/consumers\/odr<\/a> findest. Zur Teilnahme an einem Streitbeilegungsverfahren vor einer Verbraucherschlichtungsstelle sind wir nicht verpflichtet und nicht bereit.<\/p>\n","protected":false},"excerpt":{"rendered":"<p>Inhaber der Webseite Brauerei Fischerstube AGRheingasse 45CH-4058 Basel Tel +41 61 692 94 95Fax +41 61 692 94 92 info@uelibier.chhttp:\/\/www.uelibier.ch [&hellip;]<\/p>\n","protected":false},"author":3,"featured_media":127,"parent":0,"menu_order":0,"comment_status":"closed","ping_status":"closed","template":"","meta":{"footnotes":""},"class_list":["post-148","page","type-page","status-publish","has-post-thumbnail","hentry"],"_links":{"self":[{"href":"https:\/\/www.uelibraubar.ch\/en\/wp-json\/wp\/v2\/pages\/148","targetHints":{"allow":["GET"]}}],"collection":[{"href":"https:\/\/www.uelibraubar.ch\/en\/wp-json\/wp\/v2\/pages"}],"about":[{"href":"https:\/\/www.uelibraubar.ch\/en\/wp-json\/wp\/v2\/types\/page"}],"author":[{"embeddable":true,"href":"https:\/\/www.uelibraubar.ch\/en\/wp-json\/wp\/v2\/users\/3"}],"replies":[{"embeddable":true,"href":"https:\/\/www.uelibraubar.ch\/en\/wp-json\/wp\/v2\/comments?post=148"}],"version-history":[{"count":4,"href":"https:\/\/www.uelibraubar.ch\/en\/wp-json\/wp\/v2\/pages\/148\/revisions"}],"predecessor-version":[{"id":152,"href":"https:\/\/www.uelibraubar.ch\/en\/wp-json\/wp\/v2\/pages\/148\/revisions\/152"}],"wp:featuredmedia":[{"embeddable":true,"href":"https:\/\/www.uelibraubar.ch\/en\/wp-json\/wp\/v2\/media\/127"}],"wp:attachment":[{"href":"https:\/\/www.uelibraubar.ch\/en\/wp-json\/wp\/v2\/media?parent=148"}],"curies":[{"name":"wp","href":"https:\/\/api.w.org\/{rel}","templated":true}]}}