{"id":141,"date":"2022-06-23T13:03:02","date_gmt":"2022-06-23T11:03:02","guid":{"rendered":"http:\/\/uelibraubar.ch.paragon.sui-inter.net\/events\/"},"modified":"2026-04-10T14:57:39","modified_gmt":"2026-04-10T12:57:39","slug":"events","status":"publish","type":"page","link":"https:\/\/www.uelibraubar.ch\/en\/events\/","title":{"rendered":"Events"},"content":{"rendered":"\n<div class=\"wp-block-columns are-vertically-aligned-center is-layout-flex wp-container-core-columns-is-layout-9d6595d7 wp-block-columns-is-layout-flex\"><\/div>\n\n\n\n<div class=\"wp-block-columns are-vertically-aligned-center is-layout-flex wp-container-core-columns-is-layout-9d6595d7 wp-block-columns-is-layout-flex\">\n<div class=\"wp-block-column is-vertically-aligned-center order-md-2 is-layout-flow wp-block-column-is-layout-flow\">\n<figure class=\"wp-block-image size-large\"><img loading=\"lazy\" decoding=\"async\" width=\"1024\" height=\"683\" src=\"https:\/\/www.uelibraubar.ch\/wp-content\/uploads\/Ueli_Bier_2024_Bierpreise-5761-1024x683.jpg\" alt=\"\" class=\"wp-image-16170\" srcset=\"https:\/\/www.uelibraubar.ch\/wp-content\/uploads\/Ueli_Bier_2024_Bierpreise-5761-1024x683.jpg 1024w, https:\/\/www.uelibraubar.ch\/wp-content\/uploads\/Ueli_Bier_2024_Bierpreise-5761-300x200.jpg 300w, https:\/\/www.uelibraubar.ch\/wp-content\/uploads\/Ueli_Bier_2024_Bierpreise-5761-768x512.jpg 768w, https:\/\/www.uelibraubar.ch\/wp-content\/uploads\/Ueli_Bier_2024_Bierpreise-5761-1536x1024.jpg 1536w, https:\/\/www.uelibraubar.ch\/wp-content\/uploads\/Ueli_Bier_2024_Bierpreise-5761-2048x1366.jpg 2048w\" sizes=\"auto, (max-width: 1024px) 100vw, 1024px\" \/><\/figure>\n<\/div>\n\n\n\n<div class=\"wp-block-column is-vertically-aligned-center pe-md-5 is-layout-flow wp-block-column-is-layout-flow\">\n<h2 class=\"wp-block-heading\">Ueli Bier Events<\/h2>\n\n\n\n<p>There\u2019s always something going on at Ueli Bier! In addition to the highlights of the year such as the Vogel Gryff, the carnival and the beer tapping, we also organise events where fine beer, good food and culture take centre stage.<\/p>\n\n\n\n<div class=\"wp-block-buttons is-content-justification-center is-layout-flex wp-container-core-buttons-is-layout-16018d1d wp-block-buttons-is-layout-flex\">\n<div class=\"wp-block-button my-3\"><a class=\"wp-block-button__link wp-element-button\" href=\"https:\/\/www.uelibier.ch\/events-news\/\" target=\"_blank\" rel=\"noopener\">Click for Ueli Bier Events<\/a><\/div>\n<\/div>\n<\/div>\n<\/div>\n\n\n\n<div class=\"wp-block-columns are-vertically-aligned-center is-layout-flex wp-container-core-columns-is-layout-9d6595d7 wp-block-columns-is-layout-flex\">\n<div class=\"wp-block-column is-vertically-aligned-center order-md-2 is-layout-flow wp-block-column-is-layout-flow\">\n<figure class=\"wp-block-image size-large\"><img loading=\"lazy\" decoding=\"async\" width=\"1024\" height=\"683\" src=\"https:\/\/www.uelibraubar.ch\/wp-content\/uploads\/Ueli_Bier_2025_Diverse_Portraits-5683-1024x683.jpg\" alt=\"\" class=\"wp-image-16203\" srcset=\"https:\/\/www.uelibraubar.ch\/wp-content\/uploads\/Ueli_Bier_2025_Diverse_Portraits-5683-1024x683.jpg 1024w, https:\/\/www.uelibraubar.ch\/wp-content\/uploads\/Ueli_Bier_2025_Diverse_Portraits-5683-300x200.jpg 300w, https:\/\/www.uelibraubar.ch\/wp-content\/uploads\/Ueli_Bier_2025_Diverse_Portraits-5683-768x512.jpg 768w, https:\/\/www.uelibraubar.ch\/wp-content\/uploads\/Ueli_Bier_2025_Diverse_Portraits-5683-1536x1024.jpg 1536w, https:\/\/www.uelibraubar.ch\/wp-content\/uploads\/Ueli_Bier_2025_Diverse_Portraits-5683-2048x1366.jpg 2048w\" sizes=\"auto, (max-width: 1024px) 100vw, 1024px\" \/><\/figure>\n\n\n\n<figure class=\"wp-block-image size-large\"><img loading=\"lazy\" decoding=\"async\" width=\"1024\" height=\"683\" src=\"https:\/\/www.uelibraubar.ch\/wp-content\/uploads\/Ueli_Bier_2025_Diverse_Portraits-5459-1024x683.jpg\" alt=\"\" class=\"wp-image-16205\" srcset=\"https:\/\/www.uelibraubar.ch\/wp-content\/uploads\/Ueli_Bier_2025_Diverse_Portraits-5459-1024x683.jpg 1024w, https:\/\/www.uelibraubar.ch\/wp-content\/uploads\/Ueli_Bier_2025_Diverse_Portraits-5459-300x200.jpg 300w, https:\/\/www.uelibraubar.ch\/wp-content\/uploads\/Ueli_Bier_2025_Diverse_Portraits-5459-768x512.jpg 768w, https:\/\/www.uelibraubar.ch\/wp-content\/uploads\/Ueli_Bier_2025_Diverse_Portraits-5459-1536x1024.jpg 1536w, https:\/\/www.uelibraubar.ch\/wp-content\/uploads\/Ueli_Bier_2025_Diverse_Portraits-5459-2048x1366.jpg 2048w\" sizes=\"auto, (max-width: 1024px) 100vw, 1024px\" \/><\/figure>\n<\/div>\n\n\n\n<div class=\"wp-block-column is-vertically-aligned-center pe-md-5 is-layout-flow wp-block-column-is-layout-flow\">\n<h2 class=\"wp-block-heading\">Unforgettable Events in Unique Atmosphere<\/h2>\n\n\n\n<p><strong>Antoniterkeller<\/strong><br>Its historical charm makes the 15th century Antoniterkeller the ideal location for unforgettable celebrations with up to 50 guests. Anyone who has celebrated here will be talking about this unique experience for years to come!<br><br><strong>Lindens\u00e4\u00e4li<\/strong><br>Dee Lindens\u00e4\u00e4li with its 1920s charm is perfect for smaller celebrations and events in an intimate setting with up to 30 guests. Here you can enjoy a personal atmosphere and a customized menu that is tailored to your wishes.<\/p>\n\n\n\n<div class=\"wp-block-buttons is-layout-flex wp-block-buttons-is-layout-flex\">\n<div class=\"wp-block-button\"><a class=\"wp-block-button__link wp-element-button\" href=\"mailto:info@uelibraubar.ch\">Click here for your request<\/a><\/div>\n<\/div>\n\n\n\n<p><br><\/p>\n<\/div>\n<\/div>\n\n\n\n<div class=\"wp-block-columns are-vertically-aligned-center is-layout-flex wp-container-core-columns-is-layout-9d6595d7 wp-block-columns-is-layout-flex\">\n<div class=\"wp-block-column is-vertically-aligned-center order-md-2 is-layout-flow wp-block-column-is-layout-flow\">\n<figure class=\"wp-block-image size-large\"><img loading=\"lazy\" decoding=\"async\" width=\"1024\" height=\"681\" src=\"https:\/\/www.uelibraubar.ch\/wp-content\/uploads\/2022\/10\/Ueli_Bier_2022_Fonduestuebli-7165-1024x681.jpg\" alt=\"\" class=\"wp-image-339\" srcset=\"https:\/\/www.uelibraubar.ch\/wp-content\/uploads\/2022\/10\/Ueli_Bier_2022_Fonduestuebli-7165-1024x681.jpg 1024w, https:\/\/www.uelibraubar.ch\/wp-content\/uploads\/2022\/10\/Ueli_Bier_2022_Fonduestuebli-7165-300x200.jpg 300w, https:\/\/www.uelibraubar.ch\/wp-content\/uploads\/2022\/10\/Ueli_Bier_2022_Fonduestuebli-7165-768x511.jpg 768w, https:\/\/www.uelibraubar.ch\/wp-content\/uploads\/2022\/10\/Ueli_Bier_2022_Fonduestuebli-7165-1536x1022.jpg 1536w, https:\/\/www.uelibraubar.ch\/wp-content\/uploads\/2022\/10\/Ueli_Bier_2022_Fonduestuebli-7165-2048x1363.jpg 2048w\" sizes=\"auto, (max-width: 1024px) 100vw, 1024px\" \/><\/figure>\n<\/div>\n\n\n\n<div class=\"wp-block-column is-vertically-aligned-center pe-md-5 is-layout-flow wp-block-column-is-layout-flow\">\n<h2 class=\"wp-block-heading\">Ueli-Fonduest\u00fcbli from November 2026 to March 2027<\/h2>\n\n\n\n<p>From 1. November 2026 until 31. March 2027<\/p>\n\n\n\n<p>In the Ueli-Fonduest\u00fcbli we serve different versions of the legendary Ueli beer fondue, which is produced by the well-known Basel cheese merchant Wirth. There is also the tasty Ueli-Bier-Treber bread, baked by Beschle on Claraplatz. The Ueli-Fonduest\u00fcbli was designed this year again by the well-known Basel illustrator Hamp\u00e9 W\u00fcthrich and offers authentic and unique Kleinbasel fondue fun for 32 people.<\/p>\n\n\n\n<blockquote class=\"wp-block-quote is-layout-flow wp-block-quote-is-layout-flow\">\n<p><strong>&gt;&gt;When making reservations, be sure to mention that fondue is desired, as we only serve it in the Fonduest\u00fcbli&lt;&lt;<\/strong><\/p>\n<\/blockquote>\n\n\n\n<p><\/p>\n\n\n\n<p><br><\/p>\n<\/div>\n<\/div>\n\n\n\n<div class=\"wp-block-group fullwidth event\"><div class=\"wp-block-group__inner-container is-layout-flow wp-block-group-is-layout-flow\">\n<div class=\"wp-block-columns is-layout-flex wp-container-core-columns-is-layout-9d6595d7 wp-block-columns-is-layout-flex\">\n<div class=\"wp-block-column card is-layout-flow wp-block-column-is-layout-flow\">\n<figure class=\"wp-block-image size-large\"><img loading=\"lazy\" decoding=\"async\" width=\"1024\" height=\"681\" src=\"https:\/\/www.uelibraubar.ch\/wp-content\/uploads\/2022\/09\/Sudhaus_2-5034-1024x681.jpg\" alt=\"Brewery tour | Events | Ueli Brau Bar\" class=\"wp-image-240\" srcset=\"https:\/\/www.uelibraubar.ch\/wp-content\/uploads\/2022\/09\/Sudhaus_2-5034-1024x681.jpg 1024w, https:\/\/www.uelibraubar.ch\/wp-content\/uploads\/2022\/09\/Sudhaus_2-5034-300x200.jpg 300w, https:\/\/www.uelibraubar.ch\/wp-content\/uploads\/2022\/09\/Sudhaus_2-5034-768x511.jpg 768w, https:\/\/www.uelibraubar.ch\/wp-content\/uploads\/2022\/09\/Sudhaus_2-5034-1536x1022.jpg 1536w, https:\/\/www.uelibraubar.ch\/wp-content\/uploads\/2022\/09\/Sudhaus_2-5034-2048x1363.jpg 2048w\" sizes=\"auto, (max-width: 1024px) 100vw, 1024px\" \/><\/figure>\n\n\n\n<h2 class=\"wp-block-heading\">Brewery tour<\/h2>\n\n\n\n<p>A tour of the neighbouring \u201cBrauerei Fischerstube\u201d is the perfect way to kick off a visit to the Ueli-Brau-Bar<\/p>\n<\/div>\n\n\n\n<div class=\"wp-block-column card is-layout-flow wp-block-column-is-layout-flow\">\n<figure class=\"wp-block-image size-large\"><img loading=\"lazy\" decoding=\"async\" width=\"1024\" height=\"681\" src=\"https:\/\/www.uelibraubar.ch\/wp-content\/uploads\/2022\/09\/Ueli_Bier_Live-Brauen-7979-1024x681.jpg\" alt=\"Brewing events | Events | Ueli Brau Bar\" class=\"wp-image-238\" srcset=\"https:\/\/www.uelibraubar.ch\/wp-content\/uploads\/2022\/09\/Ueli_Bier_Live-Brauen-7979-1024x681.jpg 1024w, https:\/\/www.uelibraubar.ch\/wp-content\/uploads\/2022\/09\/Ueli_Bier_Live-Brauen-7979-300x200.jpg 300w, https:\/\/www.uelibraubar.ch\/wp-content\/uploads\/2022\/09\/Ueli_Bier_Live-Brauen-7979-768x511.jpg 768w, https:\/\/www.uelibraubar.ch\/wp-content\/uploads\/2022\/09\/Ueli_Bier_Live-Brauen-7979-1536x1022.jpg 1536w, https:\/\/www.uelibraubar.ch\/wp-content\/uploads\/2022\/09\/Ueli_Bier_Live-Brauen-7979-2048x1362.jpg 2048w\" sizes=\"auto, (max-width: 1024px) 100vw, 1024px\" \/><\/figure>\n\n\n\n<h2 class=\"wp-block-heading\">Brewing events<\/h2>\n\n\n\n<p>The limited beers are regularly brewed on the 100-litre brewing system in the guest room, which are served directly to the table in the Ueli-Brau-Bar.<\/p>\n\n\n\n<p>Every now and then we also brew during the opening hours of the Ueli-Brau-Bar, we post the dates here.<\/p>\n<\/div>\n\n\n\n<div class=\"wp-block-column card is-layout-flow wp-block-column-is-layout-flow\">\n<figure class=\"wp-block-image size-large\"><img loading=\"lazy\" decoding=\"async\" width=\"1024\" height=\"681\" src=\"https:\/\/www.uelibraubar.ch\/wp-content\/uploads\/2022\/09\/Stimmungsbilder-1930-1024x681.jpg\" alt=\"Tastings | Events | Ueli Brau Bar\" class=\"wp-image-229\" srcset=\"https:\/\/www.uelibraubar.ch\/wp-content\/uploads\/2022\/09\/Stimmungsbilder-1930-1024x681.jpg 1024w, https:\/\/www.uelibraubar.ch\/wp-content\/uploads\/2022\/09\/Stimmungsbilder-1930-300x200.jpg 300w, https:\/\/www.uelibraubar.ch\/wp-content\/uploads\/2022\/09\/Stimmungsbilder-1930-768x511.jpg 768w, https:\/\/www.uelibraubar.ch\/wp-content\/uploads\/2022\/09\/Stimmungsbilder-1930-1536x1022.jpg 1536w, https:\/\/www.uelibraubar.ch\/wp-content\/uploads\/2022\/09\/Stimmungsbilder-1930-2048x1362.jpg 2048w\" sizes=\"auto, (max-width: 1024px) 100vw, 1024px\" \/><\/figure>\n\n\n\n<h2 class=\"wp-block-heading\">Tastings<\/h2>\n\n\n\n<p>It\u2019s for you to decide whether you would like an Ueli beer tasting set or a regional beer tasting set!<\/p>\n\n\n\n<p>Would you like to benefit from the expertise of a beer sommelier? Do you prefer regional wines or gin?<\/p>\n\n\n\n<p>Or would you like to be completely spoiled for a whole evening with a \u201cBeer &amp; Dine\u201d experience? We offer a wide range of fabulous tastings.<\/p>\n<\/div>\n<\/div>\n\n\n\n<div class=\"wp-block-buttons is-content-justification-center is-layout-flex wp-container-core-buttons-is-layout-16018d1d wp-block-buttons-is-layout-flex\">\n<div class=\"wp-block-button my-3\"><a class=\"wp-block-button__link wp-element-button\" href=\"mailto:info@uelibraubar.ch\">Click here to register<\/a><\/div>\n<\/div>\n<\/div><\/div>\n\n\n\n<div style=\"height:5em\" aria-hidden=\"true\" class=\"wp-block-spacer\"><\/div>\n\n\n\n<div class=\"wp-block-columns are-vertically-aligned-center is-layout-flex wp-container-core-columns-is-layout-9d6595d7 wp-block-columns-is-layout-flex\">\n<div class=\"wp-block-column is-vertically-aligned-center is-layout-flow wp-block-column-is-layout-flow\">\n<figure class=\"wp-block-image size-large\"><img loading=\"lazy\" decoding=\"async\" width=\"1024\" height=\"716\" src=\"https:\/\/www.uelibraubar.ch\/wp-content\/uploads\/2022\/06\/Stimmungsbilder-2270-landscape-1024x716.jpg\" alt=\"\" class=\"wp-image-38\" srcset=\"https:\/\/www.uelibraubar.ch\/wp-content\/uploads\/2022\/06\/Stimmungsbilder-2270-landscape-1024x716.jpg 1024w, https:\/\/www.uelibraubar.ch\/wp-content\/uploads\/2022\/06\/Stimmungsbilder-2270-landscape-300x210.jpg 300w, https:\/\/www.uelibraubar.ch\/wp-content\/uploads\/2022\/06\/Stimmungsbilder-2270-landscape-768x537.jpg 768w, https:\/\/www.uelibraubar.ch\/wp-content\/uploads\/2022\/06\/Stimmungsbilder-2270-landscape-1536x1074.jpg 1536w, https:\/\/www.uelibraubar.ch\/wp-content\/uploads\/2022\/06\/Stimmungsbilder-2270-landscape-2048x1433.jpg 2048w\" sizes=\"auto, (max-width: 1024px) 100vw, 1024px\" \/><\/figure>\n<\/div>\n\n\n\n<div class=\"wp-block-column is-vertically-aligned-center ps-md-5 is-layout-flow wp-block-column-is-layout-flow\">\n<h2 class=\"wp-block-heading\">Banquets and drinks events<\/h2>\n\n\n\n<p>Do you prefer to celebrate in the trendy and contemporary Ueli-Brau-Bar or in the historic Antoniterkeller from the 15th century? Do you prefer to be in the garden in summer or in the fondue room in winter? We have the right offer for you!<\/p>\n\n\n\n<div class=\"wp-block-buttons is-layout-flex wp-block-buttons-is-layout-flex\">\n<div class=\"wp-block-button\"><a class=\"wp-block-button__link wp-element-button\" href=\"mailto:info@uelibraubar.ch\">Click here for the request<\/a><\/div>\n<\/div>\n<\/div>\n<\/div>\n","protected":false},"excerpt":{"rendered":"<p>Ueli Bier Events There\u2019s always something going on at Ueli Bier! In addition to the highlights of the year such [&hellip;]<\/p>\n","protected":false},"author":3,"featured_media":123,"parent":0,"menu_order":0,"comment_status":"closed","ping_status":"closed","template":"","meta":{"footnotes":""},"class_list":["post-141","page","type-page","status-publish","has-post-thumbnail","hentry"],"_links":{"self":[{"href":"https:\/\/www.uelibraubar.ch\/en\/wp-json\/wp\/v2\/pages\/141","targetHints":{"allow":["GET"]}}],"collection":[{"href":"https:\/\/www.uelibraubar.ch\/en\/wp-json\/wp\/v2\/pages"}],"about":[{"href":"https:\/\/www.uelibraubar.ch\/en\/wp-json\/wp\/v2\/types\/page"}],"author":[{"embeddable":true,"href":"https:\/\/www.uelibraubar.ch\/en\/wp-json\/wp\/v2\/users\/3"}],"replies":[{"embeddable":true,"href":"https:\/\/www.uelibraubar.ch\/en\/wp-json\/wp\/v2\/comments?post=141"}],"version-history":[{"count":6,"href":"https:\/\/www.uelibraubar.ch\/en\/wp-json\/wp\/v2\/pages\/141\/revisions"}],"predecessor-version":[{"id":16391,"href":"https:\/\/www.uelibraubar.ch\/en\/wp-json\/wp\/v2\/pages\/141\/revisions\/16391"}],"wp:featuredmedia":[{"embeddable":true,"href":"https:\/\/www.uelibraubar.ch\/en\/wp-json\/wp\/v2\/media\/123"}],"wp:attachment":[{"href":"https:\/\/www.uelibraubar.ch\/en\/wp-json\/wp\/v2\/media?parent=141"}],"curies":[{"name":"wp","href":"https:\/\/api.w.org\/{rel}","templated":true}]}}